{"id":219,"date":"2025-05-18T19:06:27","date_gmt":"2025-05-18T17:06:27","guid":{"rendered":"https:\/\/fionamonbet.com\/?page_id=219"},"modified":"2025-05-18T21:33:24","modified_gmt":"2025-05-18T19:33:24","slug":"discographie","status":"publish","type":"page","link":"https:\/\/fionamonbet.com\/?page_id=219&lang=fr","title":{"rendered":"Composition"},"content":{"rendered":"\n<h2 class=\"wp-block-heading\"><strong>Instruments solos<\/strong><\/h2>\n\n\n\n<p><strong>GEASA<\/strong> (Violoncelle seul) &#8211;<em> Pour le disque <a href=\"https:\/\/www.michelepierrevioloncelle.com\/axone\" target=\"_blank\" rel=\"noopener\">Axone<\/a> de Mich\u00e8le Pierre<\/em>, 2023<\/p>\n\n\n\n<figure class=\"wp-block-embed alignleft is-type-rich is-provider-spotify wp-block-embed-spotify wp-embed-aspect-21-9 wp-has-aspect-ratio\"><div class=\"wp-block-embed__wrapper\">\n<iframe title=\"Spotify Embed: Geasa: II. The Pathway\" style=\"border-radius: 12px\" width=\"100%\" height=\"152\" frameborder=\"0\" allowfullscreen allow=\"autoplay; clipboard-write; encrypted-media; fullscreen; picture-in-picture\" loading=\"lazy\" src=\"https:\/\/open.spotify.com\/embed\/track\/1pRc2vPnDEgQMwuwuIbyQn?si=77398745214b4286&#038;utm_source=oembed\"><\/iframe>\n<\/div><\/figure>\n\n\n\n<h2 class=\"wp-block-heading\"><strong>Pi\u00e8ce pour Choeur :<\/strong><\/h2>\n\n\n\n<p><strong>OUVERTURE &amp; HOPE<\/strong> &#8211; <em>Pour le spectacle <a href=\"https:\/\/billetterie.comedie.ch\/selection\/event\/date?productId=10229179860826&amp;lang=en\" target=\"_blank\" rel=\"noopener\">Honda Romance<\/a> de Vimala Pons, cr\u00e9ation th\u00e9\u00e2tre de l\u2019Od\u00e9on festival d\u2019Automne Paris 2025<\/em><\/p>\n\n\n\n<h2 class=\"wp-block-heading\"><strong>Musique de chambre :<\/strong><\/h2>\n\n\n\n<p><strong>VIE &#8211; RE &#8211; VOLTE<\/strong> (Deux violons) &#8211; <em>Pour le disque Exil de <a href=\"https:\/\/www.elsamoatti.com\/presse-media\" target=\"_blank\" rel=\"noopener\">Elsa Moatti<\/a><\/em>, 2023<\/p>\n\n\n\n<figure class=\"wp-block-embed alignleft is-type-rich is-provider-spotify wp-block-embed-spotify wp-embed-aspect-21-9 wp-has-aspect-ratio\"><div class=\"wp-block-embed__wrapper\">\n<iframe title=\"Spotify Embed: Vie-Re-Volte\" style=\"border-radius: 12px\" width=\"100%\" height=\"152\" frameborder=\"0\" allowfullscreen allow=\"autoplay; clipboard-write; encrypted-media; fullscreen; picture-in-picture\" loading=\"lazy\" src=\"https:\/\/open.spotify.com\/embed\/track\/63niVVYV8t82v4yR3z9EWL?si=364f97615a8e49d0&#038;utm_source=oembed\"><\/iframe>\n<\/div><\/figure>\n\n\n\n<h2 class=\"wp-block-heading\"><strong>Ensembles :<\/strong><\/h2>\n\n\n\n<p><strong>QUASAR<\/strong> (Quatuor \u00e0 cordes) &#8211; 2024 <em>Commande du <a href=\"https:\/\/www.festivaldechaillol.com\/le-calendrier\/quasar-2\/\" target=\"_blank\" rel=\"noopener\">Festival de Chaillol<\/a>, pour le <a href=\"https:\/\/www.instagram.com\/quatuor_fidelio\/\" target=\"_blank\" rel=\"noopener\">Quatuor Fidelio<\/a>, cr\u00e9ation Juillet 2024<\/em><\/p>\n\n\n\n<p><strong>MURMURES DU RUCHER<\/strong> &#8211; <em>Commande du <a href=\"https:\/\/parismozartorchestra.com\/\" target=\"_blank\" rel=\"noopener\">Paris Mozart Orchestra<\/a>, M\u00e9lologue pour ensemble de 12 musiciens et r\u00e9citant adapt\u00e9 de \u00ab\u00a0La vie des abeilles\u00a0\u00bb de Maurice Maeterlink, Cr\u00e9ation Mars 2025<\/em><\/p>\n\n\n\n<h2 class=\"wp-block-heading\"><strong>Orchestre :<\/strong><\/h2>\n\n\n\n<p class=\"has-text-align-left\"><strong>FAUBOURG 23<\/strong> &#8211; <em>Commande du BBC National Orchestra of Wales, Cr\u00e9ation Octobre 2023<\/em> <em>&#8211; Hoddinot Hall, Cardiff.<\/em><\/p>\n\n\n\n<figure class=\"wp-block-embed aligncenter is-type-video is-provider-youtube wp-block-embed-youtube wp-embed-aspect-16-9 wp-has-aspect-ratio\"><div class=\"wp-block-embed__wrapper\">\n<iframe loading=\"lazy\" title=\"Composer\/conductor Fiona Monbet on her new work &#039;Faubourg 23&#039; and working with the Ulster Orchestra\" width=\"720\" height=\"405\" src=\"https:\/\/www.youtube.com\/embed\/6A25XSC16jo?feature=oembed\" frameborder=\"0\" allow=\"accelerometer; autoplay; clipboard-write; encrypted-media; gyroscope; picture-in-picture; web-share\" referrerpolicy=\"strict-origin-when-cross-origin\" allowfullscreen><\/iframe>\n<\/div><\/figure>\n\n\n\n<p class=\"has-text-align-left\"><strong>MAELSTR\u00d6M SYMPHONIQUE <\/strong>&#8211; <em>Commande de l&rsquo;Orchestre National de Bretagne, Cr\u00e9ation Fevrier 2021 &#8211; Th\u00e9atre National de Bretagne, Captation pour Mezzo<\/em><\/p>\n\n\n\n<figure class=\"wp-block-embed aligncenter is-type-video is-provider-youtube wp-block-embed-youtube wp-embed-aspect-16-9 wp-has-aspect-ratio\"><div class=\"wp-block-embed__wrapper\">\n<iframe loading=\"lazy\" title=\"TROIS REFLETS \/ Fiona Monbet - Orchestre National de Bretagne\" width=\"720\" height=\"405\" src=\"https:\/\/www.youtube.com\/embed\/jfgVmVGFb9w?feature=oembed\" frameborder=\"0\" allow=\"accelerometer; autoplay; clipboard-write; encrypted-media; gyroscope; picture-in-picture; web-share\" referrerpolicy=\"strict-origin-when-cross-origin\" allowfullscreen><\/iframe>\n<\/div><\/figure>\n\n\n\n<p><strong>ECHOS D\u2019AILLEURS, RHAPSODIE TZIGANE<\/strong> &#8211; <em>Commande du Festival de Saint-Denis, Cr\u00e9ation Juin 2026<\/em><\/p>\n\n\n\n<p><\/p>\n\n\n\n<h2 class=\"wp-block-heading\"><strong>Albums jazz<\/strong><strong> :<\/strong><\/h2>\n\n\n\n<p>MAELSTROM, 2022<\/p>\n\n\n\n<figure class=\"wp-block-embed aligncenter is-type-rich is-provider-spotify wp-block-embed-spotify wp-embed-aspect-21-9 wp-has-aspect-ratio\"><div class=\"wp-block-embed__wrapper\">\n<iframe title=\"Spotify Embed: Maelstr\u00f6m\" style=\"border-radius: 12px\" width=\"100%\" height=\"352\" frameborder=\"0\" allowfullscreen allow=\"autoplay; clipboard-write; encrypted-media; fullscreen; picture-in-picture\" loading=\"lazy\" src=\"https:\/\/open.spotify.com\/embed\/album\/4SJUJTrkMvIl4E8tZqwxJz?si=u1UzJ-vYRquQNGK4T05JDA&#038;utm_source=oembed\"><\/iframe>\n<\/div><\/figure>\n\n\n\n<p>CONTREBANDE, 2018<\/p>\n\n\n\n<figure class=\"wp-block-embed aligncenter is-type-rich is-provider-spotify wp-block-embed-spotify wp-embed-aspect-21-9 wp-has-aspect-ratio\"><div class=\"wp-block-embed__wrapper\">\n<iframe title=\"Spotify Embed: Contrebande\" style=\"border-radius: 12px\" width=\"100%\" height=\"352\" frameborder=\"0\" allowfullscreen allow=\"autoplay; clipboard-write; encrypted-media; fullscreen; picture-in-picture\" loading=\"lazy\" src=\"https:\/\/open.spotify.com\/embed\/album\/0CwZpZKVzYWtyLoyWEuOD1?si=5yGlz_W6RyOcbN5WcRo7IQ&#038;utm_source=oembed\"><\/iframe>\n<\/div><\/figure>\n\n\n\n<p>O&rsquo;CEOL, 2013<\/p>\n\n\n\n<figure class=\"wp-block-embed is-type-rich is-provider-spotify wp-block-embed-spotify wp-embed-aspect-21-9 wp-has-aspect-ratio\"><div class=\"wp-block-embed__wrapper\">\n<iframe title=\"Spotify Embed: O&amp;apos;Ce\u00f2l\" style=\"border-radius: 12px\" width=\"100%\" height=\"352\" frameborder=\"0\" allowfullscreen allow=\"autoplay; clipboard-write; encrypted-media; fullscreen; picture-in-picture\" loading=\"lazy\" src=\"https:\/\/open.spotify.com\/embed\/album\/0I9m51HzKK05xQvG6WGMGw?si=-TaGseP2Q_aigo2B73kC9A&#038;utm_source=oembed\"><\/iframe>\n<\/div><\/figure>\n\n\n\n<p>DJANGO CLUB, 2011<\/p>\n\n\n\n<figure class=\"wp-block-embed is-type-rich is-provider-spotify wp-block-embed-spotify wp-embed-aspect-21-9 wp-has-aspect-ratio\"><div class=\"wp-block-embed__wrapper\">\n<iframe title=\"Spotify Embed: Lilie\" style=\"border-radius: 12px\" width=\"100%\" height=\"152\" frameborder=\"0\" allowfullscreen allow=\"autoplay; clipboard-write; encrypted-media; fullscreen; picture-in-picture\" loading=\"lazy\" src=\"https:\/\/open.spotify.com\/embed\/track\/1jrjQJL7CXei7AlJdXCJNy?si=d212c04906ae4604&#038;utm_source=oembed\"><\/iframe>\n<\/div><\/figure>\n\n\n\n<h2 class=\"wp-block-heading\"><strong>Musique de films :<\/strong><\/h2>\n\n\n\n<p><strong>F\u00caTE A MARCO<\/strong>, film ANGE de Tony Gatlif (sortie Juin 2025)<\/p>\n\n\n\n<p><strong>INDIGNADOS<\/strong>, de Tony Gatlif, 2012<\/p>\n\n\n\n<p><strong>GERONIMO<\/strong>, de Tony Gatlif, 2014<\/p>\n\n\n\n<div class=\"wp-block-group is-layout-grid wp-container-core-group-is-layout-47fe5649 wp-block-group-is-layout-grid\">\n<figure class=\"wp-block-embed is-type-video is-provider-youtube wp-block-embed-youtube wp-embed-aspect-16-9 wp-has-aspect-ratio wp-container-content-2396b452\"><div class=\"wp-block-embed__wrapper\">\n<iframe loading=\"lazy\" title=\"Tony Gatlif - Indignados \/ Indignez Vous \/ Emp\u00f6rt euch! Stephane Hessel\" width=\"720\" height=\"405\" src=\"https:\/\/www.youtube.com\/embed\/QvAxTeIllIw?feature=oembed\" frameborder=\"0\" allow=\"accelerometer; autoplay; clipboard-write; encrypted-media; gyroscope; picture-in-picture; web-share\" referrerpolicy=\"strict-origin-when-cross-origin\" allowfullscreen><\/iframe>\n<\/div><\/figure>\n\n\n\n<figure class=\"wp-block-embed is-type-video is-provider-youtube wp-block-embed-youtube wp-embed-aspect-16-9 wp-has-aspect-ratio wp-container-content-7006fa82\"><div class=\"wp-block-embed__wrapper\">\n<iframe loading=\"lazy\" title=\"GERONIMO - Bande-annonce officielle\" width=\"720\" height=\"405\" src=\"https:\/\/www.youtube.com\/embed\/b5JD-xxxDkk?feature=oembed\" frameborder=\"0\" allow=\"accelerometer; autoplay; clipboard-write; encrypted-media; gyroscope; picture-in-picture; web-share\" referrerpolicy=\"strict-origin-when-cross-origin\" allowfullscreen><\/iframe>\n<\/div><\/figure>\n<\/div>\n","protected":false},"excerpt":{"rendered":"<p>Instruments solos GEASA (Violoncelle seul) &#8211; Pour le disque Axone de Mich\u00e8le Pierre, 2023 Pi\u00e8ce pour Choeur : OUVERTURE &amp; HOPE &#8211; Pour le spectacle Honda Romance de Vimala Pons, cr\u00e9ation th\u00e9\u00e2tre de l\u2019Od\u00e9on festival d\u2019Automne Paris 2025 Musique de chambre : VIE &#8211; RE &#8211; VOLTE (Deux violons) &#8211; Pour le disque Exil de [&hellip;]<\/p>\n","protected":false},"author":1,"featured_media":0,"parent":0,"menu_order":0,"comment_status":"closed","ping_status":"closed","template":"","meta":{"footnotes":""},"class_list":["post-219","page","type-page","status-publish","hentry"],"jetpack_sharing_enabled":true,"_links":{"self":[{"href":"https:\/\/fionamonbet.com\/index.php?rest_route=\/wp\/v2\/pages\/219","targetHints":{"allow":["GET"]}}],"collection":[{"href":"https:\/\/fionamonbet.com\/index.php?rest_route=\/wp\/v2\/pages"}],"about":[{"href":"https:\/\/fionamonbet.com\/index.php?rest_route=\/wp\/v2\/types\/page"}],"author":[{"embeddable":true,"href":"https:\/\/fionamonbet.com\/index.php?rest_route=\/wp\/v2\/users\/1"}],"replies":[{"embeddable":true,"href":"https:\/\/fionamonbet.com\/index.php?rest_route=%2Fwp%2Fv2%2Fcomments&post=219"}],"version-history":[{"count":6,"href":"https:\/\/fionamonbet.com\/index.php?rest_route=\/wp\/v2\/pages\/219\/revisions"}],"predecessor-version":[{"id":722,"href":"https:\/\/fionamonbet.com\/index.php?rest_route=\/wp\/v2\/pages\/219\/revisions\/722"}],"wp:attachment":[{"href":"https:\/\/fionamonbet.com\/index.php?rest_route=%2Fwp%2Fv2%2Fmedia&parent=219"}],"curies":[{"name":"wp","href":"https:\/\/api.w.org\/{rel}","templated":true}]}}