{"id":26,"date":"2022-10-10T18:46:47","date_gmt":"2022-10-10T16:46:47","guid":{"rendered":"https:\/\/fionamonbet.com\/?page_id=26"},"modified":"2025-02-04T23:05:38","modified_gmt":"2025-02-04T22:05:38","slug":"bio","status":"publish","type":"page","link":"https:\/\/fionamonbet.com\/?page_id=26&lang=fr","title":{"rendered":"Biographie"},"content":{"rendered":"\n<p>Fiona Monbet est une artiste franco-irlandaise. Violoniste, cheffe d&rsquo;orchestre et compositrice, elle \u00e9volue aux fronti\u00e8res de plusieurs genres musicaux, o\u00f9 se rencontrent jazz, musiques symphoniques et musiques traditionnelles. Elle collabore  principalement avec des sc\u00e8nes et orchestres europ\u00e9ens (Festival Berlioz, festival Cosmopolite \u00e0 Oslo, BBC National Orchestra of Wales, Ulster Orchestra, Jazz in Marciac, festival de Saint-Denis).<\/p>\n\n\n\n<p>Form\u00e9e au Conservatoire national sup\u00e9rieur de musique et de danse de Paris ainsi qu&rsquo;au Centre des Musiques Didier Lockwood, sa musique, aux fronti\u00e8res entre le jazz<br>symphonique et l\u2019h\u00e9ritage de la musique fran\u00e7aise comporte une part d\u2019improvisation<br>toujours tr\u00e8s pr\u00e9sente. Ses influences irlandaises transparaissent \u00e9galement dans son jeu comme dans son \u00e9criture. Ses derniers projets, Trois Reflets (2022) et Faubourg 23 (2023), ont \u00e9t\u00e9 cr\u00e9\u00e9s respectivement avec l\u2019Orchestre national de Bretagne et le BBC National Orchestra of Wales. <\/p>\n\n\n\n<p>Fiona est \u00e9galement cheffe d\u2019orchestre et d\u00e9fend un r\u00e9pertoire large qui s\u2019\u00e9tend du classique \u00e0 la cr\u00e9ation contemporaine. Elle dirige en France et \u00e0 l\u2019international en tant que cheffe invit\u00e9e et co-fonde en 2017 la compagnie de cr\u00e9ation lyrique Miroirs \u00c9tendus, dont elle est la directrice musicale. Leurs derniers projets proposent notamment un enregistrement live de An Index of Metals de Fausto Romitelli (2022), ainsi qu\u2019une collaboration avec Christophe Chassol, pour la pi\u00e8ce Paris Noir pr\u00e9sent\u00e9e au festival Pr\u00e9sences de Radio France (2024). Sa double culture jazz et classique et sa proximit\u00e9 avec les musiques traditionnelles permettent \u00e0 Fiona de diriger des projets de rencontre de l\u2019univers de l\u2019orchestre symphonique avec les musiques actuelles, le jazz ou les musiques du monde autour d\u2019artistes tels que Seckou Keita, Abel Selaocoe, Antonio Zambujo, Ana Moura ou Gregory Porter.<\/p>\n\n\n\n<p><\/p>\n\n\n\n<div class=\"wp-block-file aligncenter\"><a id=\"wp-block-file--media-a1963f4a-77ab-4c5e-8a27-fff173ece7dc\" href=\"https:\/\/fionamonbet.com\/wp-content\/uploads\/2023\/04\/CV-Monbet-04.23-1.pdf\" target=\"_blank\" rel=\"noreferrer noopener\"><strong>PARCOURS ARTISTIQUE FIONA MONBET<\/strong><\/a><a href=\"https:\/\/fionamonbet.com\/wp-content\/uploads\/2023\/04\/CV-Monbet-04.23-1.pdf\" class=\"wp-block-file__button wp-element-button\" download aria-describedby=\"wp-block-file--media-a1963f4a-77ab-4c5e-8a27-fff173ece7dc\">T\u00e9l\u00e9charger<\/a><\/div>\n","protected":false},"excerpt":{"rendered":"<p>Fiona Monbet est une artiste franco-irlandaise. Violoniste, cheffe d&rsquo;orchestre et compositrice, elle \u00e9volue aux fronti\u00e8res de plusieurs genres musicaux, o\u00f9 se rencontrent jazz, musiques symphoniques et musiques traditionnelles. Elle collabore principalement avec des sc\u00e8nes et orchestres europ\u00e9ens (Festival Berlioz, festival Cosmopolite \u00e0 Oslo, BBC National Orchestra of Wales, Ulster Orchestra, Jazz in Marciac, festival de [&hellip;]<\/p>\n","protected":false},"author":1,"featured_media":0,"parent":0,"menu_order":0,"comment_status":"closed","ping_status":"closed","template":"","meta":{"footnotes":""},"class_list":["post-26","page","type-page","status-publish","hentry"],"jetpack_sharing_enabled":true,"_links":{"self":[{"href":"https:\/\/fionamonbet.com\/index.php?rest_route=\/wp\/v2\/pages\/26","targetHints":{"allow":["GET"]}}],"collection":[{"href":"https:\/\/fionamonbet.com\/index.php?rest_route=\/wp\/v2\/pages"}],"about":[{"href":"https:\/\/fionamonbet.com\/index.php?rest_route=\/wp\/v2\/types\/page"}],"author":[{"embeddable":true,"href":"https:\/\/fionamonbet.com\/index.php?rest_route=\/wp\/v2\/users\/1"}],"replies":[{"embeddable":true,"href":"https:\/\/fionamonbet.com\/index.php?rest_route=%2Fwp%2Fv2%2Fcomments&post=26"}],"version-history":[{"count":8,"href":"https:\/\/fionamonbet.com\/index.php?rest_route=\/wp\/v2\/pages\/26\/revisions"}],"predecessor-version":[{"id":665,"href":"https:\/\/fionamonbet.com\/index.php?rest_route=\/wp\/v2\/pages\/26\/revisions\/665"}],"wp:attachment":[{"href":"https:\/\/fionamonbet.com\/index.php?rest_route=%2Fwp%2Fv2%2Fmedia&parent=26"}],"curies":[{"name":"wp","href":"https:\/\/api.w.org\/{rel}","templated":true}]}}